{"id":6096,"date":"2021-10-12T17:25:15","date_gmt":"2021-10-12T17:25:15","guid":{"rendered":"https:\/\/coaching-pt.pt\/?page_id=6096"},"modified":"2022-10-14T12:15:25","modified_gmt":"2022-10-14T12:15:25","slug":"areas","status":"publish","type":"page","link":"https:\/\/coaching-pt.pt\/eng\/com-quem-avancamos\/areas\/","title":{"rendered":"\u00c1reas"},"content":{"rendered":"<div id=\"fws_69f5d2e32e5f2\"  data-column-margin=\"default\" data-midnight=\"dark\" data-top-percent=\"4%\" data-bottom-percent=\"4%\"  class=\"wpb_row vc_row-fluid vc_row full-width-section standard_section\"  style=\"padding-top: calc(100vw * 0.04); padding-bottom: calc(100vw * 0.04); \"><div class=\"row-bg-wrap\" data-bg-animation=\"none\" data-bg-overlay=\"false\"><div class=\"inner-wrap\"><div class=\"row-bg\"  style=\"\"><\/div><\/div><div class=\"row-bg-overlay\" ><\/div><\/div><div class=\"row_col_wrap_12 col span_12 dark left\">\n\t<div  class=\"vc_col-sm-8 wpb_column column_container vc_column_container col no-extra-padding inherit_tablet inherit_phone\"  data-t-w-inherits=\"default\" data-bg-cover=\"\" data-padding-pos=\"all\" data-has-bg-color=\"false\" data-bg-color=\"\" data-bg-opacity=\"1\" data-hover-bg=\"\" data-hover-bg-opacity=\"1\" data-animation=\"\" data-delay=\"0\" >\n\t\t<div class=\"vc_column-inner\" ><div class=\"column-bg-overlay-wrap\" data-bg-animation=\"none\"><div class=\"column-bg-overlay\"><\/div><\/div>\n\t\t\t<div class=\"wpb_wrapper\">\n\t\t\t\t\r\n<div class=\"wpb_text_column wpb_content_element\" >\r\n\t<div class=\"wpb_wrapper\">\r\n\t\t<p><span style=\"font-weight: 400;\">Coaching is a process that can be integrated into several areas or phases of life. The context you are in or the life stage you are in defines the area of coaching we can focus on.<\/span><\/p>\n\t<\/div>\r\n<\/div>\r\n\r\n\r\n\r\n\n\t\t\t<\/div> \n\t\t<\/div>\n\t<\/div> \n\n\t<div  class=\"vc_col-sm-4 wpb_column column_container vc_column_container col no-extra-padding inherit_tablet inherit_phone\"  data-t-w-inherits=\"default\" data-bg-cover=\"\" data-padding-pos=\"all\" data-has-bg-color=\"false\" data-bg-color=\"\" data-bg-opacity=\"1\" data-hover-bg=\"\" data-hover-bg-opacity=\"1\" data-animation=\"\" data-delay=\"0\" >\n\t\t<div class=\"vc_column-inner\" ><div class=\"column-bg-overlay-wrap\" data-bg-animation=\"none\"><div class=\"column-bg-overlay\"><\/div><\/div>\n\t\t\t<div class=\"wpb_wrapper\">\n\t\t\t\t\n\t\t\t<\/div> \n\t\t<\/div>\n\t<\/div> \n<\/div><\/div>\n\t\t<div id=\"fws_69f5d2e32faf3\"  data-column-margin=\"default\" data-midnight=\"dark\"  class=\"wpb_row vc_row-fluid vc_row standard_section\"  style=\"padding-top: 50px; padding-bottom: 50px; \"><div class=\"row-bg-wrap\" data-bg-animation=\"none\" data-bg-overlay=\"false\"><div class=\"inner-wrap\"><div class=\"row-bg\"  style=\"\"><\/div><\/div><div class=\"row-bg-overlay\" ><\/div><\/div><div class=\"row_col_wrap_12 col span_12 dark left\">\n\t<div  class=\"vc_col-sm-12 wpb_column column_container vc_column_container col no-extra-padding inherit_tablet inherit_phone\"  data-t-w-inherits=\"default\" data-bg-cover=\"\" data-padding-pos=\"all\" data-has-bg-color=\"false\" data-bg-color=\"\" data-bg-opacity=\"1\" data-hover-bg=\"\" data-hover-bg-opacity=\"1\" data-animation=\"\" data-delay=\"0\" >\n\t\t<div class=\"vc_column-inner\" ><div class=\"column-bg-overlay-wrap\" data-bg-animation=\"none\"><div class=\"column-bg-overlay\"><\/div><\/div>\n\t\t\t<div class=\"wpb_wrapper\">\n\t\t\t\t<blockquote class=\"nectar_single_testimonial\" data-color=\"accent-color\" data-style=\"bold\"><div class=\"inner\"> <p><span class=\"open-quote\">&#8221;<\/span>Coaching helped me progress personally with the right methods. I couldn't be more satisfied, because it was what I needed and what I wanted. I highly recommend it. Thank you very much <\/p><\/div><\/blockquote>\n\t\t\t<\/div> \n\t\t<\/div>\n\t<\/div> \n<\/div><\/div>\n\t\t<div id=\"fws_69f5d2e3302c8\"  data-column-margin=\"default\" data-midnight=\"dark\"  class=\"wpb_row vc_row-fluid vc_row full-width-section standard_section\"  style=\"padding-top: 100px; padding-bottom: 100px; \"><div class=\"row-bg-wrap\" data-bg-animation=\"none\" data-bg-overlay=\"false\"><div class=\"inner-wrap\"><div class=\"row-bg\"  style=\"\"><\/div><\/div><div class=\"row-bg-overlay\" ><\/div><\/div><div class=\"row_col_wrap_12 col span_12 dark left\">\n\t<div  class=\"vc_col-sm-12 wpb_column column_container vc_column_container col no-extra-padding inherit_tablet inherit_phone\"  data-t-w-inherits=\"default\" data-bg-cover=\"\" data-padding-pos=\"all\" data-has-bg-color=\"false\" data-bg-color=\"\" data-bg-opacity=\"1\" data-hover-bg=\"\" data-hover-bg-opacity=\"1\" data-animation=\"\" data-delay=\"0\" >\n\t\t<div class=\"vc_column-inner\" ><div class=\"column-bg-overlay-wrap\" data-bg-animation=\"none\"><div class=\"column-bg-overlay\"><\/div><\/div>\n\t\t\t<div class=\"wpb_wrapper\">\n\t\t\t\t<h2 style=\"color: #ffd90a;text-align: left\" class=\"vc_custom_heading\" >our services<\/h2><div class=\"toggles\" data-style=\"minimal\"><div class=\"toggle accent-color\" data-inner-wrap=\"true\"><h3><a href=\"#\"><i class=\"icon-plus-sign\"><\/i>Coaching with Young People<\/a><\/h3><div><div class=\"inner-toggle-wrap\">\r\n<div class=\"wpb_text_column wpb_content_element\" >\r\n\t<div class=\"wpb_wrapper\">\r\n\t\t<p class=\" translation-block\"><span style=\"font-weight: 400\">At coaching-pt  <\/span><b>we move forward with young students in secondary and university education.<\/b><\/p>\n<p><span style=\"font-weight: 400;\">At a time in life when doubts arise and the insecurity typical of the age of uncertainty sets in, coaching can be a very useful tool in reflecting on life possibilities and the professional future.<\/span><\/p>\n<p class=\" translation-block\"><span style=\"font-weight: 400\">In the school context, young people face doubts regarding their path, their choices and their integration into society. We invite all young people to  <\/span><b>stop and reflect and move forward<\/b><span style=\"font-weight: 400\">, with the aim of improving school performance, focus and results. \u00a0<\/span><\/p>\n<p><span style=\"font-weight: 400;\">The programmes designed for young people include workshops, lectures, exercises and individual coaching sessions, in either face-to-face or online formats.<\/span><\/p>\n<p class=\" translation-block\"><span style=\"font-weight: 400\">Through the  <\/span><b>transmiss\u00e3o de<\/b> <b>transmission of coaching tools<\/b><span style=\"font-weight: 400\">, coaching-pt offers young students the possibility to grow as people, improving their concentration, organisation and planning skills, as well as the capacity to decide and safety in the learning context.<\/span><\/p>\n<p class=\" translation-block\"><span style=\"font-weight: 400\">In <\/span><b>individual coaching<\/b><span style=\"font-weight: 400\">, we accompany young people who want to decide their career path, who seek to clarify which areas of future action and who want to achieve increasingly higher levels of performance.<\/span><\/p>\n<p><span style=\"font-weight: 400;\">coaching-pt offers young secondary school and university students the possibility to reflect on their present and their future in order to streamline their decision-making processes regarding the results they want to achieve in the institution where they study.\u00a0<\/span><\/p>\n<p><span style=\"font-weight: 400;\">The intervention of coaching-pt can be made at a private level or in educational institutions that wish to request our services.<\/span><\/p>\n<p><span style=\"font-weight: 400;\">Coaching is aimed at young people but, in the case of minors, it is agreed with the parents, maintaining the confidentiality of the process.<\/span><\/p>\n\t<\/div>\r\n<\/div>\r\n\r\n\r\n\r\n<\/div><\/div><\/div><div class=\"toggle default\" data-inner-wrap=\"true\"><h3><a href=\"#\"><i class=\"icon-plus-sign\"><\/i>Professional and Career  Coaching<\/a><\/h3><div><div class=\"inner-toggle-wrap\">\r\n<div class=\"wpb_text_column wpb_content_element\" >\r\n\t<div class=\"wpb_wrapper\">\r\n\t\t<p><strong>PROFESSIONAL COACHING<\/strong><\/p>\n<p class=\" translation-block\">Professional coaching or career coaching is one of the areas that can and are often addressed in a personal coaching process.<\/p>\n<p>Many people, at different stages of their professional life, are faced with challenges that make them want to reflect in a structured way about the professional moment they are experiencing and what is their vision for their career in the short, medium and long term.<\/p>\n<p>For this, a partnership between the client and the coach is made so that the focus is on exploring the client's intentions in respect for their professional development and analysis of current and future capabilities. Options can include growing within the company, in the same or another position, moving to a new company or even preparing for a change in area.<\/p>\n<p>Career management coaching processes, in addition to focusing on the next career move, also cover topics such as leadership, performance, management of emotions, professional relationships and conflict situations, increased resilience, effective communication, competence management, of time, priorities and focus, motivation, among others.<\/p>\n\t<\/div>\r\n<\/div>\r\n\r\n\r\n\r\n<\/div><\/div><\/div><\/div>\r\n\r\n\r\n\r\n\r\n\r\n\r\n\r\n\r\n\r\n\r\n\r\n\r\n\r\n\r\n\r\n\r\n\r\n\r\n\r\n\n\t\t\t<\/div> \n\t\t<\/div>\n\t<\/div> \n<\/div><\/div>\n\t\t<div id=\"fws_69f5d2e331d5c\"  data-column-margin=\"default\" data-midnight=\"light\" data-top-percent=\"8%\" data-bottom-percent=\"8%\"  class=\"wpb_row vc_row-fluid vc_row full-width-section  vc_row-o-equal-height vc_row-flex  vc_row-o-content-middle standard_section\"  style=\"padding-top: calc(100vw * 0.08); padding-bottom: calc(100vw * 0.08); \"><div class=\"row-bg-wrap\" data-bg-animation=\"none\" data-bg-overlay=\"true\"><div class=\"inner-wrap\"><div class=\"row-bg using-bg-color\"  style=\"background-color: #ffffff; \"><\/div><\/div><div class=\"row-bg-overlay\" style=\"background-color:rgba(255,255,255,0.84);  opacity: 1; \"><\/div><\/div><div class=\"row_col_wrap_12 col span_12 light left\">\n\t<div  class=\"vc_col-sm-12 wpb_column column_container vc_column_container col no-extra-padding inherit_tablet inherit_phone\"  data-t-w-inherits=\"default\" data-bg-cover=\"\" data-padding-pos=\"all\" data-has-bg-color=\"false\" data-bg-color=\"\" data-bg-opacity=\"1\" data-hover-bg=\"\" data-hover-bg-opacity=\"1\" data-animation=\"\" data-delay=\"0\" >\n\t\t<div class=\"vc_column-inner\" ><div class=\"column-bg-overlay-wrap\" data-bg-animation=\"none\"><div class=\"column-bg-overlay\"><\/div><\/div>\n\t\t\t<div class=\"wpb_wrapper\">\n\t\t\t\t<div id=\"fws_69f5d2e3329b8\" data-midnight=\"\" data-column-margin=\"default\" class=\"wpb_row vc_row-fluid vc_row inner_row standard_section\"  style=\"padding-top: 0px; padding-bottom: 0px; \"><div class=\"row-bg-wrap\"> <div class=\"row-bg\" ><\/div> <\/div><div class=\"row_col_wrap_12_inner col span_12  left\">\n\t<div  class=\"vc_col-sm-2 wpb_column column_container vc_column_container col child_column no-extra-padding inherit_tablet inherit_phone\"   data-t-w-inherits=\"default\" data-bg-cover=\"\" data-padding-pos=\"all\" data-has-bg-color=\"false\" data-bg-color=\"\" data-bg-opacity=\"1\" data-hover-bg=\"\" data-hover-bg-opacity=\"1\" data-animation=\"\" data-delay=\"0\">\n\t\t<div class=\"vc_column-inner\" ><div class=\"column-bg-overlay-wrap\" data-bg-animation=\"none\"><div class=\"column-bg-overlay\"><\/div><\/div>\n\t\t<div class=\"wpb_wrapper\">\n\t\t\t\n\t\t<\/div> \n\t<\/div>\n\t<\/div> \n\n\t<div  class=\"vc_col-sm-8 wpb_column column_container vc_column_container col child_column centered-text padding-2-percent inherit_tablet inherit_phone\"   data-t-w-inherits=\"default\" data-bg-cover=\"\" data-padding-pos=\"left-right\" data-has-bg-color=\"false\" data-bg-color=\"\" data-bg-opacity=\"1\" data-hover-bg=\"\" data-hover-bg-opacity=\"1\" data-animation=\"\" data-delay=\"0\">\n\t\t<div class=\"vc_column-inner\" ><div class=\"column-bg-overlay-wrap\" data-bg-animation=\"none\"><div class=\"column-bg-overlay\"><\/div><\/div>\n\t\t<div class=\"wpb_wrapper\">\n\t\t\t<h2 style=\"font-size: 52px;color: #ffd90a;line-height: 52px;text-align: center\" class=\"vc_custom_heading wpb_animate_when_almost_visible wpb_fadeInUp fadeInUp\" ><a href=\"https:\/\/coaching-pt.pt\/eng\/avance-connosco\/\" title=\"Shall we move forward?\">let's move forward?<\/a><\/h2><div class=\"divider-wrap\" data-alignment=\"default\"><div style=\"height: 10px;\" class=\"divider\"><\/div><\/div><a class=\"nectar-button large see-through-2\"  style=\"margin-top: 25px; margin-bottom: 25px; border-color: #ffd90a; color: #ffd90a;\"  href=\"https:\/\/coaching-pt.pt\/eng\/avance-connosco\/\" data-color-override=\"#ffd90a\"  data-hover-color-override=\"#ffd90a\" data-hover-text-color-override=\"#000000\"><span>See more<\/span><\/a>\n\t\t<\/div> \n\t<\/div>\n\t<\/div> \n\n\t<div  class=\"vc_col-sm-2 wpb_column column_container vc_column_container col child_column no-extra-padding inherit_tablet inherit_phone\"   data-t-w-inherits=\"default\" data-bg-cover=\"\" data-padding-pos=\"all\" data-has-bg-color=\"false\" data-bg-color=\"\" data-bg-opacity=\"1\" data-hover-bg=\"\" data-hover-bg-opacity=\"1\" data-animation=\"\" data-delay=\"0\">\n\t\t<div class=\"vc_column-inner\" ><div class=\"column-bg-overlay-wrap\" data-bg-animation=\"none\"><div class=\"column-bg-overlay\"><\/div><\/div>\n\t\t<div class=\"wpb_wrapper\">\n\t\t\t\n\t\t<\/div> \n\t<\/div>\n\t<\/div> \n<\/div><\/div>\n\t\t\t<\/div> \n\t\t<\/div>\n\t<\/div> \n<\/div><\/div>","protected":false},"excerpt":{"rendered":"O coaching \u00e9 um processo que pode integrar-se em v\u00e1rias \u00e1reas ou fases da vida. O contexto em que se insere ou a fase de vida em que se encontra...","protected":false},"author":2,"featured_media":0,"parent":6064,"menu_order":0,"comment_status":"closed","ping_status":"closed","template":"","meta":{"footnotes":""},"class_list":["post-6096","page","type-page","status-publish"],"_links":{"self":[{"href":"https:\/\/coaching-pt.pt\/eng\/wp-json\/wp\/v2\/pages\/6096","targetHints":{"allow":["GET"]}}],"collection":[{"href":"https:\/\/coaching-pt.pt\/eng\/wp-json\/wp\/v2\/pages"}],"about":[{"href":"https:\/\/coaching-pt.pt\/eng\/wp-json\/wp\/v2\/types\/page"}],"author":[{"embeddable":true,"href":"https:\/\/coaching-pt.pt\/eng\/wp-json\/wp\/v2\/users\/2"}],"replies":[{"embeddable":true,"href":"https:\/\/coaching-pt.pt\/eng\/wp-json\/wp\/v2\/comments?post=6096"}],"version-history":[{"count":13,"href":"https:\/\/coaching-pt.pt\/eng\/wp-json\/wp\/v2\/pages\/6096\/revisions"}],"predecessor-version":[{"id":6540,"href":"https:\/\/coaching-pt.pt\/eng\/wp-json\/wp\/v2\/pages\/6096\/revisions\/6540"}],"up":[{"embeddable":true,"href":"https:\/\/coaching-pt.pt\/eng\/wp-json\/wp\/v2\/pages\/6064"}],"wp:attachment":[{"href":"https:\/\/coaching-pt.pt\/eng\/wp-json\/wp\/v2\/media?parent=6096"}],"curies":[{"name":"wp","href":"https:\/\/api.w.org\/{rel}","templated":true}]}}