{"id":6093,"date":"2021-10-12T17:21:46","date_gmt":"2021-10-12T17:21:46","guid":{"rendered":"https:\/\/coaching-pt.pt\/?page_id=6093"},"modified":"2022-11-22T16:59:52","modified_gmt":"2022-11-22T16:59:52","slug":"pessoas","status":"publish","type":"page","link":"https:\/\/coaching-pt.pt\/eng\/com-quem-avancamos\/pessoas\/","title":{"rendered":"Pessoas"},"content":{"rendered":"<div id=\"fws_69f397ed629b5\"  data-column-margin=\"default\" data-midnight=\"dark\" data-top-percent=\"4%\" data-bottom-percent=\"4%\"  class=\"wpb_row vc_row-fluid vc_row full-width-section standard_section\"  style=\"padding-top: calc(100vw * 0.04); padding-bottom: calc(100vw * 0.04); \"><div class=\"row-bg-wrap\" data-bg-animation=\"none\" data-bg-overlay=\"false\"><div class=\"inner-wrap\"><div class=\"row-bg\"  style=\"\"><\/div><\/div><div class=\"row-bg-overlay\" ><\/div><\/div><div class=\"row_col_wrap_12 col span_12 dark left\">\n\t<div  class=\"vc_col-sm-8 wpb_column column_container vc_column_container col no-extra-padding inherit_tablet inherit_phone\"  data-t-w-inherits=\"default\" data-bg-cover=\"\" data-padding-pos=\"all\" data-has-bg-color=\"false\" data-bg-color=\"\" data-bg-opacity=\"1\" data-hover-bg=\"\" data-hover-bg-opacity=\"1\" data-animation=\"\" data-delay=\"0\" >\n\t\t<div class=\"vc_column-inner\" ><div class=\"column-bg-overlay-wrap\" data-bg-animation=\"none\"><div class=\"column-bg-overlay\"><\/div><\/div>\n\t\t\t<div class=\"wpb_wrapper\">\n\t\t\t\t\r\n<div class=\"wpb_text_column wpb_content_element\" >\r\n\t<div class=\"wpb_wrapper\">\r\n\t\t<p class=\" translation-block\">The challenges we all face in life are cause for personal reflection and so we can choose to act with conscience. Life coaching is a methodology that specifically works on the personal development of human capabilities.<\/p>\n<p>Self-knowledge, improving relationships, assertive communication, breaking limiting beliefs, maximizing positive points, decision making, time organization, conflict and stress management are examples of topics that can be developed in coaching private individuals.<\/p>\n\t<\/div>\r\n<\/div>\r\n\r\n\r\n\r\n\n\t\t\t<\/div> \n\t\t<\/div>\n\t<\/div> \n\n\t<div  class=\"vc_col-sm-4 wpb_column column_container vc_column_container col no-extra-padding inherit_tablet inherit_phone\"  data-t-w-inherits=\"default\" data-bg-cover=\"\" data-padding-pos=\"all\" data-has-bg-color=\"false\" data-bg-color=\"\" data-bg-opacity=\"1\" data-hover-bg=\"\" data-hover-bg-opacity=\"1\" data-animation=\"\" data-delay=\"0\" >\n\t\t<div class=\"vc_column-inner\" ><div class=\"column-bg-overlay-wrap\" data-bg-animation=\"none\"><div class=\"column-bg-overlay\"><\/div><\/div>\n\t\t\t<div class=\"wpb_wrapper\">\n\t\t\t\t\n\t\t\t<\/div> \n\t\t<\/div>\n\t<\/div> \n<\/div><\/div>\n\t\t<div id=\"fws_69f397ed6473c\"  data-column-margin=\"default\" data-midnight=\"dark\"  class=\"wpb_row vc_row-fluid vc_row standard_section\"  style=\"padding-top: 50px; padding-bottom: 50px; \"><div class=\"row-bg-wrap\" data-bg-animation=\"none\" data-bg-overlay=\"false\"><div class=\"inner-wrap\"><div class=\"row-bg\"  style=\"\"><\/div><\/div><div class=\"row-bg-overlay\" ><\/div><\/div><div class=\"row_col_wrap_12 col span_12 dark left\">\n\t<div  class=\"vc_col-sm-12 wpb_column column_container vc_column_container col no-extra-padding inherit_tablet inherit_phone\"  data-t-w-inherits=\"default\" data-bg-cover=\"\" data-padding-pos=\"all\" data-has-bg-color=\"false\" data-bg-color=\"\" data-bg-opacity=\"1\" data-hover-bg=\"\" data-hover-bg-opacity=\"1\" data-animation=\"\" data-delay=\"0\" >\n\t\t<div class=\"vc_column-inner\" ><div class=\"column-bg-overlay-wrap\" data-bg-animation=\"none\"><div class=\"column-bg-overlay\"><\/div><\/div>\n\t\t\t<div class=\"wpb_wrapper\">\n\t\t\t\t<blockquote class=\"nectar_single_testimonial\" data-color=\"accent-color\" data-style=\"bold\"><div class=\"inner\"> <p><span class=\"open-quote\">&#8221;<\/span>Coaching has guided me, given me a new path, pointed me in a new direction and now puts me closer to a place I have long aspired to achieve. With resilience, determination and by overcoming, I managed to find my way. I am forever grateful to my coach for the endless patience and for never giving up on me. <\/p><\/div><\/blockquote>\n\t\t\t<\/div> \n\t\t<\/div>\n\t<\/div> \n<\/div><\/div>\n\t\t<div id=\"fws_69f397ed65176\"  data-column-margin=\"default\" data-midnight=\"dark\"  class=\"wpb_row vc_row-fluid vc_row full-width-section standard_section\"  style=\"padding-top: 100px; padding-bottom: 100px; \"><div class=\"row-bg-wrap\" data-bg-animation=\"none\" data-bg-overlay=\"false\"><div class=\"inner-wrap\"><div class=\"row-bg\"  style=\"\"><\/div><\/div><div class=\"row-bg-overlay\" ><\/div><\/div><div class=\"row_col_wrap_12 col span_12 dark left\">\n\t<div  class=\"vc_col-sm-12 wpb_column column_container vc_column_container col no-extra-padding inherit_tablet inherit_phone\"  data-t-w-inherits=\"default\" data-bg-cover=\"\" data-padding-pos=\"all\" data-has-bg-color=\"false\" data-bg-color=\"\" data-bg-opacity=\"1\" data-hover-bg=\"\" data-hover-bg-opacity=\"1\" data-animation=\"\" data-delay=\"0\" >\n\t\t<div class=\"vc_column-inner\" ><div class=\"column-bg-overlay-wrap\" data-bg-animation=\"none\"><div class=\"column-bg-overlay\"><\/div><\/div>\n\t\t\t<div class=\"wpb_wrapper\">\n\t\t\t\t<h2 style=\"color: #ffd90a;text-align: left\" class=\"vc_custom_heading\" >our services<\/h2><div class=\"toggles\" data-style=\"minimal\"><div class=\"toggle accent-color\" data-inner-wrap=\"true\"><h3><a href=\"#\"><i class=\"icon-plus-sign\"><\/i>Session Zero<\/a><\/h3><div><div class=\"inner-toggle-wrap\">\r\n<div class=\"wpb_text_column wpb_content_element\" >\r\n\t<div class=\"wpb_wrapper\">\r\n\t\t<p><span style=\"font-weight: 400;\">In life coaching processes, we start with a zero session that aims to listen to the client and the theme it brings to a coaching process. During the session, what coaching is and what it is for is clarified and all clarifications are provided: duration of the sessions, investment, duration of the process, contract, code of ethics, frequency, among others.\u00a0<\/span><\/p>\n<p><span style=\"font-weight: 400;\">Session zero is free of charge and takes place face-to-face, online or in an outdoor space. It lasts 30 minutes. The scheduling of session zero does not commit the client as to the decision to proceed.<\/span><\/p>\n\t<\/div>\r\n<\/div>\r\n\r\n\r\n\r\n<\/div><\/div><\/div><div class=\"toggle accent-color\" data-inner-wrap=\"true\"><h3><a href=\"#\"><i class=\"icon-plus-sign\"><\/i>Analysis and Diagnosis<\/a><\/h3><div><div class=\"inner-toggle-wrap\">\r\n<div class=\"wpb_text_column wpb_content_element\" >\r\n\t<div class=\"wpb_wrapper\">\r\n\t\t<p><span style=\"font-weight: 400;\">At the start of the coaching process, a diagnosis is made based on the topics brought by the client. This diagnosis is built together with the client in order to start working in partnership.<\/span><\/p>\n\t<\/div>\r\n<\/div>\r\n\r\n\r\n\r\n<\/div><\/div><\/div><div class=\"toggle accent-color\" data-inner-wrap=\"true\"><h3><a href=\"#\"><i class=\"icon-plus-sign\"><\/i>Life Coaching<\/a><\/h3><div><div class=\"inner-toggle-wrap\">\r\n<div class=\"wpb_text_column wpb_content_element\" >\r\n\t<div class=\"wpb_wrapper\">\r\n\t\t<p class=\" translation-block\">Life coaching is a process that develops in partnership between the coach and the client, in order to maximize the client's potential and provide him with a path from the present to the future. Each individual is responsible for their own development and has all the resources to achieve their goals.<\/p>\n<p><span style=\"font-weight: 400;\">The life coaching process is a process that has several sessions over a set period of time. Each session lasts 30, 45 or 60 minutes and all the work is based on the client's individuality, taking into account their values, their ability to choose and their goals.\u00a0<\/span><\/p>\n<p><span style=\"font-weight: 400;\">Coaching-pt professionally monitors personal coaching processes in person, online or outdoors in a walking coaching format.\u00a0<\/span><\/p>\n\t<\/div>\r\n<\/div>\r\n\r\n\r\n\r\n<\/div><\/div><\/div><div class=\"toggle accent-color\" data-inner-wrap=\"true\"><h3><a href=\"#\"><i class=\"icon-plus-sign\"><\/i>Group Coaching<\/a><\/h3><div><div class=\"inner-toggle-wrap\">\r\n<div class=\"wpb_text_column wpb_content_element\" >\r\n\t<div class=\"wpb_wrapper\">\r\n\t\t<p class=\" translation-block\"><\/span><b>Group coaching <\/b><span style=\"font-weight: 400\"> is a type of coaching in which all practices are directed towards a group of people who bring issues they want to work on and ask for support from the group. \u00a0<\/span><\/p>\n<p class=\" translation-block\"><span style=\"font-weight: 400\">This activity, mediated by a coach, <\/span><b>provides human and social development among the group participants.<\/b><span style=\"font-weight: 400\">\u00a0<\/span><\/p>\n<p><span style=\"font-weight: 400;\">In the group coaching programme, the various elements of the group bring the themes they want to work on and the other elements support, contributing their vision, opinions, experience to the development of the other.<\/span><\/p>\n<p><span style=\"font-weight: 400;\">The objectives of the participants can be several, such as: working on trust, increasing focus, developing discipline, managing stress, among others.<\/span><\/p>\n<p><span style=\"font-weight: 400;\">Through specific coaching tools and also lectures, workshops or seminars, the coaching-pt team intervenes, in a certain period of time, in order to enhance and develop the group's skills.<\/span><\/p>\n<p class=\" translation-block\"><span style=\"font-weight: 400\">coaching-pt offers <\/span><b>group coaching programmes <\/b><span style=\"font-weight: 400\"> with pre-defined themes, duration and regularity.<\/span><\/p>\n<p><span style=\"font-weight: 400;\">The sessions can take place in person, online or outdoors.<\/span><\/p>\n\t<\/div>\r\n<\/div>\r\n\r\n\r\n\r\n<\/div><\/div><\/div><div class=\"toggle accent-color\" data-inner-wrap=\"true\"><h3><a href=\"#\"><i class=\"icon-plus-sign\"><\/i>Seminars, Workshops, Lectures<\/a><\/h3><div><div class=\"inner-toggle-wrap\">\r\n<div class=\"wpb_text_column wpb_content_element\" >\r\n\t<div class=\"wpb_wrapper\">\r\n\t\t<p class=\" translation-block\"><span style=\"font-weight: 400\">coaching-pt, within the scope of  <\/span><b>c-academy<\/b><b>\u00ae<\/b><span style=\"font-weight: 400\">, creates and develops spaces to move forward. Spaces with time to  <\/span><b>practice, learn and listen<\/b><\/p>\n<p><span style=\"font-weight: 400;\">Promoting events that take a prominent place and create an environment for learning about the various challenges of life, stimulates individuals to action and change. Creativity and life experience make these moments provoke changes of attitude and awareness in the participants.<\/span><\/p>\n<p><span style=\"font-weight: 400;\">These spaces are tailored to the needs of each group of individuals and address various topics such as, for example, non-violent communication, coaching tools, emotional intelligence, conflict management, time management, among others.<\/span><\/p>\n<p class=\" translation-block\"><span style=\"font-weight: 400\">The  c-academy<\/span><b>\u00ae<\/b><span style=\"font-weight: 400\"> actions can take place in person, online or outdoors.<\/span><\/p>\n\t<\/div>\r\n<\/div>\r\n\r\n\r\n\r\n<\/div><\/div><\/div><div class=\"toggle accent-color\" data-inner-wrap=\"true\"><h3><a href=\"#\"><i class=\"icon-plus-sign\"><\/i>Programme Evaluation Model<\/a><\/h3><div><div class=\"inner-toggle-wrap\">\r\n<div class=\"wpb_text_column wpb_content_element\" >\r\n\t<div class=\"wpb_wrapper\">\r\n\t\t<p><span style=\"font-weight: 400;\">In each life coaching process, there is a program evaluation moment.\u00a0<\/span><\/p>\n<p><span style=\"font-weight: 400;\">Halfway through the coaching process with the client and at the end of it, a balance is made with the aim of raising awareness of the path covered and to be covered, the client's level of commitment and the points for improvement to be observed.\u00a0<\/span><\/p>\n<p><span style=\"font-weight: 400;\">The professional coach is responsible for the process and the client is responsible for the results, therefore, the entire evaluation model of the coaching program is focused on the client and on the feedback that can be shared by the coach regarding how he considers that the process is working. elapse.<\/span><\/p>\n<p><span style=\"font-weight: 400;\">The coaching-pt team establishes as a priority throughout the coaching process in a structured and evaluation way, ethics, rigor, honesty and openness, values \u200b\u200bthat will always be present in a professional coaching relationship.<\/span><\/p>\n\t<\/div>\r\n<\/div>\r\n\r\n\r\n\r\n<\/div><\/div><\/div><div class=\"toggle accent-color\" data-inner-wrap=\"true\"><h3><a href=\"#\"><i class=\"icon-plus-sign\"><\/i>Supervision<\/a><\/h3><div><div class=\"inner-toggle-wrap\">\r\n<div class=\"wpb_text_column wpb_content_element\" >\r\n\t<div class=\"wpb_wrapper\">\r\n\t\t<p><span style=\"font-weight: 400;\">The personal coaching programs developed by coaching-pt are guaranteed by the rigor and professionalism of the team and by its follow-up with supervisory coaches.\u00a0<\/span><\/p>\n<p><span style=\"font-weight: 400;\">All coaching programs developed by coaching-pt, carried out in companies or with individuals, are accompanied by supervision sessions by the coaching team, guaranteeing quality, impartiality, rigor and ethics in the work carried out.<\/span><\/p>\n\t<\/div>\r\n<\/div>\r\n\r\n\r\n\r\n<\/div><\/div><\/div><\/div>\r\n\r\n\r\n\r\n\r\n\r\n\r\n\r\n\r\n\r\n\r\n\r\n\r\n\r\n\r\n\r\n\r\n\r\n\r\n\r\n\n\t\t\t<\/div> \n\t\t<\/div>\n\t<\/div> \n<\/div><\/div>\n\t\t<div id=\"fws_69f397ed685e9\"  data-column-margin=\"default\" data-midnight=\"light\" data-top-percent=\"8%\" data-bottom-percent=\"8%\"  class=\"wpb_row vc_row-fluid vc_row full-width-section  vc_row-o-equal-height vc_row-flex  vc_row-o-content-middle standard_section\"  style=\"padding-top: calc(100vw * 0.08); padding-bottom: calc(100vw * 0.08); \"><div class=\"row-bg-wrap\" data-bg-animation=\"none\" data-bg-overlay=\"true\"><div class=\"inner-wrap\"><div class=\"row-bg using-bg-color\"  style=\"background-color: #ffffff; \"><\/div><\/div><div class=\"row-bg-overlay\" style=\"background-color:rgba(255,255,255,0.84);  opacity: 1; \"><\/div><\/div><div class=\"row_col_wrap_12 col span_12 light left\">\n\t<div  class=\"vc_col-sm-12 wpb_column column_container vc_column_container col no-extra-padding inherit_tablet inherit_phone\"  data-t-w-inherits=\"default\" data-bg-cover=\"\" data-padding-pos=\"all\" data-has-bg-color=\"false\" data-bg-color=\"\" data-bg-opacity=\"1\" data-hover-bg=\"\" data-hover-bg-opacity=\"1\" data-animation=\"\" data-delay=\"0\" >\n\t\t<div class=\"vc_column-inner\" ><div class=\"column-bg-overlay-wrap\" data-bg-animation=\"none\"><div class=\"column-bg-overlay\"><\/div><\/div>\n\t\t\t<div class=\"wpb_wrapper\">\n\t\t\t\t<div id=\"fws_69f397ed6952c\" data-midnight=\"\" data-column-margin=\"default\" class=\"wpb_row vc_row-fluid vc_row inner_row standard_section\"  style=\"padding-top: 0px; padding-bottom: 0px; \"><div class=\"row-bg-wrap\"> <div class=\"row-bg\" ><\/div> <\/div><div class=\"row_col_wrap_12_inner col span_12  left\">\n\t<div  class=\"vc_col-sm-2 wpb_column column_container vc_column_container col child_column no-extra-padding inherit_tablet inherit_phone\"   data-t-w-inherits=\"default\" data-bg-cover=\"\" data-padding-pos=\"all\" data-has-bg-color=\"false\" data-bg-color=\"\" data-bg-opacity=\"1\" data-hover-bg=\"\" data-hover-bg-opacity=\"1\" data-animation=\"\" data-delay=\"0\">\n\t\t<div class=\"vc_column-inner\" ><div class=\"column-bg-overlay-wrap\" data-bg-animation=\"none\"><div class=\"column-bg-overlay\"><\/div><\/div>\n\t\t<div class=\"wpb_wrapper\">\n\t\t\t\n\t\t<\/div> \n\t<\/div>\n\t<\/div> \n\n\t<div  class=\"vc_col-sm-8 wpb_column column_container vc_column_container col child_column centered-text padding-2-percent inherit_tablet inherit_phone\"   data-t-w-inherits=\"default\" data-bg-cover=\"\" data-padding-pos=\"left-right\" data-has-bg-color=\"false\" data-bg-color=\"\" data-bg-opacity=\"1\" data-hover-bg=\"\" data-hover-bg-opacity=\"1\" data-animation=\"\" data-delay=\"0\">\n\t\t<div class=\"vc_column-inner\" ><div class=\"column-bg-overlay-wrap\" data-bg-animation=\"none\"><div class=\"column-bg-overlay\"><\/div><\/div>\n\t\t<div class=\"wpb_wrapper\">\n\t\t\t<h2 style=\"font-size: 52px;color: #ffd90a;line-height: 52px;text-align: center\" class=\"vc_custom_heading wpb_animate_when_almost_visible wpb_fadeInUp fadeInUp\" ><a href=\"https:\/\/coaching-pt.pt\/eng\/avance-connosco\/\" title=\"Shall we move forward?\">let's move forward?<\/a><\/h2><div class=\"divider-wrap\" data-alignment=\"default\"><div style=\"height: 10px;\" class=\"divider\"><\/div><\/div><a class=\"nectar-button large see-through-2\"  style=\"margin-top: 25px; margin-bottom: 25px; border-color: #ffd90a; color: #ffd90a;\"  href=\"https:\/\/coaching-pt.pt\/eng\/avance-connosco\/\" data-color-override=\"#ffd90a\"  data-hover-color-override=\"#ffd90a\" data-hover-text-color-override=\"#000000\"><span>See more<\/span><\/a>\n\t\t<\/div> \n\t<\/div>\n\t<\/div> \n\n\t<div  class=\"vc_col-sm-2 wpb_column column_container vc_column_container col child_column no-extra-padding inherit_tablet inherit_phone\"   data-t-w-inherits=\"default\" data-bg-cover=\"\" data-padding-pos=\"all\" data-has-bg-color=\"false\" data-bg-color=\"\" data-bg-opacity=\"1\" data-hover-bg=\"\" data-hover-bg-opacity=\"1\" data-animation=\"\" data-delay=\"0\">\n\t\t<div class=\"vc_column-inner\" ><div class=\"column-bg-overlay-wrap\" data-bg-animation=\"none\"><div class=\"column-bg-overlay\"><\/div><\/div>\n\t\t<div class=\"wpb_wrapper\">\n\t\t\t\n\t\t<\/div> \n\t<\/div>\n\t<\/div> \n<\/div><\/div>\n\t\t\t<\/div> \n\t\t<\/div>\n\t<\/div> \n<\/div><\/div>","protected":false},"excerpt":{"rendered":"Os desafios que todos enfrentamos na vida s\u00e3o motivo para reflex\u00e3o pessoal e, por isso, podemos escolher agir com consci\u00eancia. O coaching pessoal\u00a0\u00e9 uma metodologia que trabalha especificamente o desenvolvimento...","protected":false},"author":2,"featured_media":0,"parent":6064,"menu_order":0,"comment_status":"closed","ping_status":"closed","template":"","meta":{"footnotes":""},"class_list":["post-6093","page","type-page","status-publish"],"_links":{"self":[{"href":"https:\/\/coaching-pt.pt\/eng\/wp-json\/wp\/v2\/pages\/6093","targetHints":{"allow":["GET"]}}],"collection":[{"href":"https:\/\/coaching-pt.pt\/eng\/wp-json\/wp\/v2\/pages"}],"about":[{"href":"https:\/\/coaching-pt.pt\/eng\/wp-json\/wp\/v2\/types\/page"}],"author":[{"embeddable":true,"href":"https:\/\/coaching-pt.pt\/eng\/wp-json\/wp\/v2\/users\/2"}],"replies":[{"embeddable":true,"href":"https:\/\/coaching-pt.pt\/eng\/wp-json\/wp\/v2\/comments?post=6093"}],"version-history":[{"count":17,"href":"https:\/\/coaching-pt.pt\/eng\/wp-json\/wp\/v2\/pages\/6093\/revisions"}],"predecessor-version":[{"id":6542,"href":"https:\/\/coaching-pt.pt\/eng\/wp-json\/wp\/v2\/pages\/6093\/revisions\/6542"}],"up":[{"embeddable":true,"href":"https:\/\/coaching-pt.pt\/eng\/wp-json\/wp\/v2\/pages\/6064"}],"wp:attachment":[{"href":"https:\/\/coaching-pt.pt\/eng\/wp-json\/wp\/v2\/media?parent=6093"}],"curies":[{"name":"wp","href":"https:\/\/api.w.org\/{rel}","templated":true}]}}