{"id":3,"date":"2021-10-12T14:27:38","date_gmt":"2021-10-12T14:27:38","guid":{"rendered":"https:\/\/coaching-pt.pt\/?page_id=3"},"modified":"2021-12-29T15:06:23","modified_gmt":"2021-12-29T15:06:23","slug":"politica-privacidade","status":"publish","type":"page","link":"https:\/\/coaching-pt.pt\/eng\/politica-privacidade\/","title":{"rendered":"Politica Privacidade"},"content":{"rendered":"<h4><em><strong>CONFIDENTIALITY AND REGISTRATION OF PERSONAL DATA<\/strong><\/em><\/h4>\n<p>In compliance with Law No. 67\/98 on the protection of personal data (which transposes Directive 95\/46\/EC of the European Parliament and of the Council of 24 October 1995 into the Portuguese legal system),\u00a0<strong>www.coaching-pt.pt<\/strong>\u00a0is committed to protecting your privacy and is limited to collecting personal information that is provided voluntarily through the completion of forms, which are only used for the purpose for which they are intended.<\/p>\n<p>Users guarantee and respond, in any case, for the veracity, accuracy, validity, authenticity, relevance of the personal data provided and undertake to keep it updated.<\/p>\n<p>In cases where to place an order it is necessary to complete a form and \u201cclick\u201d on the submit button, making the request necessarily implies that the user has been informed and has given explicit consent to the content of the clause attached to this form and that the user accepts the Privacy Policy.<\/p>\n<p>The data relating to the e-mails received as well as the rest of the data obtained through the completion of the respective forms will be used for the purposes listed above.<\/p>\n<p>The data related to the e-mails received, as well as the other data collected through the completion of forms, will never be used for purposes other than those indicated by the orders and will be cancelled as soon as they are no longer necessary for these purposes.<\/p>\n<h4><em><strong>DATA PROVIDED BY THIRD PARTIES<\/strong><\/em><\/h4>\n<p>In the event that requests include personal data from third parties, the user must, prior to providing them, inform the respective persons of their use.\u00a0<strong>www.coaching-pt.pt<\/strong>\u00a0excludes itself from any liability arising from non-compliance with this requirement.<\/p>\n<h4><em><strong>COMMERCIAL COMMUNICATIONS VIA EMAIL \u2013 SPAM<\/strong><\/em><\/h4>\n<p>The communications made by email will be those necessary to respond to requests for information sent by users or their information, as well as to send commercial information about our services.<\/p>\n<h4><em><strong>SECURITY MEASURES<\/strong><\/em><\/h4>\n<p>The data controller has adopted the legally required levels of personal data protection and has installed all available means and technical measures to prevent the loss, misuse, alteration, unauthorised access and theft of the personal data provided.<\/p>\n<h4><em><strong>CONFIDENTIALITY<\/strong><\/em><\/h4>\n<p>The user has the full professionalism and duty of confidentiality of the managers and employees of\u00a0<strong>\u00a0www.coaching-pt.pt<\/strong>\u00a0and of all those who are directly linked to the processing of data on behalf and for the company. Without prejudice to the above, the user is aware of the possibility that the communication network they use may be vulnerable, as well as the security of their transmissions.<\/p>","protected":false},"excerpt":{"rendered":"<p>CONFIDENCIALIDADE E REGISTO DE DADOS PESSOAIS Em cumprimento da Lei n.\u00ba 67\/98 de protec\u00e7\u00e3o dos dados pessoais (que transp\u00f5e para a ordem jur\u00eddica portuguesa a directiva 95\/46\/CE, do parlamento europeu&#8230;<\/p>","protected":false},"author":2,"featured_media":0,"parent":0,"menu_order":0,"comment_status":"closed","ping_status":"closed","template":"","meta":{"footnotes":""},"class_list":["post-3","page","type-page","status-publish"],"_links":{"self":[{"href":"https:\/\/coaching-pt.pt\/eng\/wp-json\/wp\/v2\/pages\/3","targetHints":{"allow":["GET"]}}],"collection":[{"href":"https:\/\/coaching-pt.pt\/eng\/wp-json\/wp\/v2\/pages"}],"about":[{"href":"https:\/\/coaching-pt.pt\/eng\/wp-json\/wp\/v2\/types\/page"}],"author":[{"embeddable":true,"href":"https:\/\/coaching-pt.pt\/eng\/wp-json\/wp\/v2\/users\/2"}],"replies":[{"embeddable":true,"href":"https:\/\/coaching-pt.pt\/eng\/wp-json\/wp\/v2\/comments?post=3"}],"version-history":[{"count":3,"href":"https:\/\/coaching-pt.pt\/eng\/wp-json\/wp\/v2\/pages\/3\/revisions"}],"predecessor-version":[{"id":6407,"href":"https:\/\/coaching-pt.pt\/eng\/wp-json\/wp\/v2\/pages\/3\/revisions\/6407"}],"wp:attachment":[{"href":"https:\/\/coaching-pt.pt\/eng\/wp-json\/wp\/v2\/media?parent=3"}],"curies":[{"name":"wp","href":"https:\/\/api.w.org\/{rel}","templated":true}]}}